{"id":6735,"date":"2018-05-22T10:23:39","date_gmt":"2018-05-22T10:23:39","guid":{"rendered":"http:\/\/piccolomondo-preprod.incubaliadev.com\/quienes-somos\/"},"modified":"2018-10-11T12:54:29","modified_gmt":"2018-10-11T10:54:29","slug":"quienes-somos","status":"publish","type":"page","link":"https:\/\/www.piccolomondo.es\/en\/quienes-somos\/","title":{"rendered":"About us"},"content":{"rendered":"\n\t<section class=\"section\" id=\"section_105535448\">\n\t\t<div class=\"section-bg fill\" >\n\t\t\t\t\t\t\t\t\t\n\t\t\t\n\n\t\t<\/div>\n\n\t\t\n\n\t\t<div class=\"section-content relative\">\n\t\t\t\n\n  <div class=\"banner has-hover\" id=\"banner-1203369516\">\n          <div class=\"banner-inner fill\">\n        <div class=\"banner-bg fill\" >\n                                                \n                    <\/div>\n\t\t\n        <div class=\"banner-layers container\">\n            <div class=\"fill banner-link\"><\/div>            \n   <div id=\"text-box-1335051057\" class=\"text-box banner-layer x50 md-x50 lg-x50 y50 md-y50 lg-y50 res-text\">\n                                <div class=\"text-box-content text \">\n              \n              <div class=\"text-inner text-center\">\n                  \n<h4 class=\"uppercase\"><b>PICCOLO MONDO<\/b><\/h4>\n              <\/div>\n           <\/div>\n                            \n<style>\n#text-box-1335051057 {\n  width: 60%;\n}\n#text-box-1335051057 .text-box-content {\n  font-size: 100%;\n}\n<\/style>\n    <\/div>\n \n        <\/div>\n      <\/div>\n\n            \n<style>\n#banner-1203369516 {\n  padding-top: 80px;\n  background-color: rgba(201, 233, 227, 0.3);\n}\n<\/style>\n  <\/div>\n\n\n<div class=\"row row-collapse row-full-width\"  id=\"row-1443150022\">\n\n\t<div id=\"col-458005784\" class=\"col medium-6 small-12 large-6\"  >\n\t\t\t\t<div class=\"col-inner\"  >\n\t\t\t\n\t\t\t\n\n  <div class=\"banner has-hover\" id=\"banner-2029266672\">\n          <div class=\"banner-inner fill\">\n        <div class=\"banner-bg fill\" >\n                                                \n                    <\/div>\n\t\t\n        <div class=\"banner-layers container\">\n            <div class=\"fill banner-link\"><\/div>               <div id=\"text-box-915387249\" class=\"text-box banner-layer x50 md-x50 lg-x50 y50 md-y50 lg-y50 res-text\">\n                     <div data-animate=\"fadeIn\">           <div class=\"text-box-content text dark\">\n              \n              <div class=\"text-inner text-center\">\n                  \n              <\/div>\n           <\/div>\n       <\/div>                     \n<style>\n#text-box-915387249 {\n  width: 60%;\n}\n#text-box-915387249 .text-box-content {\n  font-size: 100%;\n}\n@media (min-width:550px) {\n  #text-box-915387249 {\n    width: 60%;\n  }\n}\n<\/style>\n    <\/div>\n         <\/div>\n      <\/div>\n\n            \n<style>\n#banner-2029266672 {\n  padding-top: 294px;\n}\n#banner-2029266672 .banner-bg img {\n  object-position: 48% 0%;\n}\n@media (min-width:550px) {\n  #banner-2029266672 {\n    padding-top: 500px;\n  }\n}\n<\/style>\n  <\/div>\n\n\n\t\t<\/div>\n\t\t\t\t\t<\/div>\n\n\t\n\n\t<div id=\"col-593341082\" class=\"col medium-6 small-12 large-6\"  >\n\t\t\t\t<div class=\"col-inner\"  >\n\t\t\t\n\t\t\t\n\n  <div class=\"banner has-hover\" id=\"banner-883957732\">\n          <div class=\"banner-inner fill\">\n        <div class=\"banner-bg fill\" >\n                                                \n                    <\/div>\n\t\t\n        <div class=\"banner-layers container\">\n            <div class=\"fill banner-link\"><\/div>            \n   <div id=\"text-box-203886928\" class=\"text-box banner-layer x5 md-x5 lg-x5 y50 md-y50 lg-y50 res-text\">\n                                <div class=\"text-box-content text \">\n              \n              <div class=\"text-inner text-left\">\n                  \n<p style=\"text-align: justify;\"><span style=\"font-size: 180%;\"><strong>Piccolo Mondo\u00ae<\/strong>\u00a0es un proyecto nacido de la creatividad y sensibilidad de su fundadora, Susana Gil que viene dise\u00f1ando, produciendo y decorando ambientes infantiles y juveniles de alta gama desde hace m\u00e1s de 20 a\u00f1os.<\/span><\/p>\n<p style=\"text-align: justify;\"><span style=\"font-size: 180%;\">La atenci\u00f3n al detalle, coordinaci\u00f3n, versatilidad, seguridad y dise\u00f1o funcional de nuestros productos nos proporciona una gran ventaja diferencial respecto a otros fabricantes. Prueba de ello es que los principales dise\u00f1adores de interiores, arquitectos y celebridades tanto nacionales como internacionales conf\u00edan en nuestros productos.<\/span><\/p>\n              <\/div>\n           <\/div>\n                            \n<style>\n#text-box-203886928 {\n  width: 95%;\n}\n#text-box-203886928 .text-box-content {\n  font-size: 80%;\n}\n@media (min-width:550px) {\n  #text-box-203886928 {\n    width: 90%;\n  }\n  #text-box-203886928 .text-box-content {\n    font-size: 100%;\n  }\n}\n@media (min-width:850px) {\n  #text-box-203886928 .text-box-content {\n    font-size: 80%;\n  }\n}\n<\/style>\n    <\/div>\n \n        <\/div>\n      <\/div>\n\n            \n<style>\n#banner-883957732 {\n  padding-top: 405px;\n  background-color: rgb(255,255,255);\n}\n@media (min-width:550px) {\n  #banner-883957732 {\n    padding-top: 500px;\n  }\n}\n<\/style>\n  <\/div>\n\n\n\t\t<\/div>\n\t\t\t\t\t<\/div>\n\n\t\n<\/div>\n<div class=\"row row-collapse row-full-width\"  id=\"row-1055691520\">\n\n\t<div id=\"col-1444478176\" class=\"col medium-6 small-12 large-6\"  >\n\t\t\t\t<div class=\"col-inner\"  >\n\t\t\t\n\t\t\t\n\n  <div class=\"banner has-hover\" id=\"banner-662359798\">\n          <div class=\"banner-inner fill\">\n        <div class=\"banner-bg fill\" >\n                                                \n                    <\/div>\n\t\t\n        <div class=\"banner-layers container\">\n            <div class=\"fill banner-link\"><\/div>            \n   <div id=\"text-box-1175573111\" class=\"text-box banner-layer x5 md-x5 lg-x5 y50 md-y50 lg-y50 res-text\">\n                                <div class=\"text-box-content text \">\n              \n              <div class=\"text-inner text-left\">\n                  \n<p style=\"text-align: justify;\"><span style=\"font-size: 180%;\">Nuestro equipo est\u00e1 compuesto por dise\u00f1adores e interioristas especializados en mobiliario infantil y juvenil.<\/span><\/p>\n<p style=\"text-align: justify;\"><span style=\"font-size: 180%;\">En 1997 inauguramos en Barcelona, en pleno coraz\u00f3n de la zona alta, nuestro primer espacio de decoraci\u00f3n infantil y juvenil.<\/span><\/p>\n              <\/div>\n           <\/div>\n                            \n<style>\n#text-box-1175573111 {\n  width: 95%;\n}\n#text-box-1175573111 .text-box-content {\n  font-size: 85%;\n}\n@media (min-width:550px) {\n  #text-box-1175573111 {\n    width: 90%;\n  }\n  #text-box-1175573111 .text-box-content {\n    font-size: 100%;\n  }\n}\n<\/style>\n    <\/div>\n \n        <\/div>\n      <\/div>\n\n            \n<style>\n#banner-662359798 {\n  padding-top: 360px;\n  background-color: rgb(255, 255, 255);\n}\n@media (min-width:550px) {\n  #banner-662359798 {\n    padding-top: 500px;\n  }\n}\n<\/style>\n  <\/div>\n\n\n\t\t<\/div>\n\t\t\t\t\t<\/div>\n\n\t\n\n\t<div id=\"col-212718507\" class=\"col medium-6 small-12 large-6 small-col-first\"  >\n\t\t\t\t<div class=\"col-inner\"  >\n\t\t\t\n\t\t\t\n\n  <div class=\"banner has-hover\" id=\"banner-1327751610\">\n          <div class=\"banner-inner fill\">\n        <div class=\"banner-bg fill\" >\n            <img loading=\"lazy\" decoding=\"async\" width=\"1020\" height=\"1020\" src=\"https:\/\/www.piccolomondo.es\/wp-content\/uploads\/2018\/05\/24068654_1773440532674237_8796593761126987667_o-1024x1024.jpg\" class=\"bg attachment-large size-large\" alt=\"\" \/>                                    \n                    <\/div>\n\t\t\n        <div class=\"banner-layers container\">\n            <div class=\"fill banner-link\"><\/div>               <div id=\"text-box-1226605573\" class=\"text-box banner-layer x50 md-x50 lg-x50 y50 md-y50 lg-y50 res-text\">\n                     <div data-animate=\"fadeIn\">           <div class=\"text-box-content text dark\">\n              \n              <div class=\"text-inner text-center\">\n                  \n              <\/div>\n           <\/div>\n       <\/div>                     \n<style>\n#text-box-1226605573 {\n  width: 60%;\n}\n#text-box-1226605573 .text-box-content {\n  font-size: 100%;\n}\n@media (min-width:550px) {\n  #text-box-1226605573 {\n    width: 60%;\n  }\n}\n<\/style>\n    <\/div>\n         <\/div>\n      <\/div>\n\n            \n<style>\n#banner-1327751610 {\n  padding-top: 200px;\n}\n#banner-1327751610 .banner-bg img {\n  object-position: 48% 69%;\n}\n@media (min-width:550px) {\n  #banner-1327751610 {\n    padding-top: 500px;\n  }\n}\n<\/style>\n  <\/div>\n\n\n\t\t<\/div>\n\t\t\t\t\t<\/div>\n\n\t\n<\/div>\n\n  <div class=\"banner has-hover\" id=\"banner-982764643\">\n          <div class=\"banner-inner fill\">\n        <div class=\"banner-bg fill\" >\n                                                \n                    <\/div>\n\t\t\n        <div class=\"banner-layers container\">\n            <div class=\"fill banner-link\"><\/div>            \n   <div id=\"text-box-1665039160\" class=\"text-box banner-layer x0 md-x10 lg-x10 y50 md-y50 lg-y50 res-text\">\n                                <div class=\"text-box-content text \">\n              \n              <div class=\"text-inner text-center\">\n                  \n<h3 class=\"uppercase\">eL SELLO PERSONAL DE PICCOLO MONDO<\/h3>\n<a href=\"\/proyectos\" class=\"button white is-outline\"  >\n\t\t<span>DESCUBRIR<\/span>\n\t<\/a>\n\n              <\/div>\n           <\/div>\n                            \n<style>\n#text-box-1665039160 {\n  width: 100%;\n}\n#text-box-1665039160 .text-box-content {\n  font-size: 100%;\n}\n@media (min-width:550px) {\n  #text-box-1665039160 {\n    width: 80%;\n  }\n}\n<\/style>\n    <\/div>\n \n        <\/div>\n      <\/div>\n\n            \n<style>\n#banner-982764643 {\n  padding-top: 120px;\n  background-color: rgba(201, 233, 227, 0.3);\n}\n<\/style>\n  <\/div>\n\n\n<div class=\"row row-collapse row-full-width\"  id=\"row-422846190\">\n\n\t<div id=\"col-1132167096\" class=\"col medium-6 small-12 large-6\"  >\n\t\t\t\t<div class=\"col-inner\"  >\n\t\t\t\n\t\t\t\n\n  <div class=\"banner has-hover\" id=\"banner-769579546\">\n          <div class=\"banner-inner fill\">\n        <div class=\"banner-bg fill\" >\n            <img loading=\"lazy\" decoding=\"async\" width=\"1080\" height=\"1080\" src=\"https:\/\/www.piccolomondo.es\/wp-content\/uploads\/2018\/05\/25299782_1783744724977151_7524942527486962048_o.jpg\" class=\"bg attachment-original size-original\" alt=\"\" \/>                                    \n                    <\/div>\n\t\t\n        <div class=\"banner-layers container\">\n            <div class=\"fill banner-link\"><\/div>               <div id=\"text-box-842287499\" class=\"text-box banner-layer x50 md-x50 lg-x50 y50 md-y50 lg-y50 res-text\">\n                     <div data-animate=\"fadeIn\">           <div class=\"text-box-content text dark\">\n              \n              <div class=\"text-inner text-center\">\n                  \n              <\/div>\n           <\/div>\n       <\/div>                     \n<style>\n#text-box-842287499 {\n  width: 60%;\n}\n#text-box-842287499 .text-box-content {\n  font-size: 100%;\n}\n@media (min-width:550px) {\n  #text-box-842287499 {\n    width: 60%;\n  }\n}\n<\/style>\n    <\/div>\n         <\/div>\n      <\/div>\n\n            \n<style>\n#banner-769579546 {\n  padding-top: 200px;\n}\n#banner-769579546 .banner-bg img {\n  object-position: 30% 90%;\n}\n@media (min-width:550px) {\n  #banner-769579546 {\n    padding-top: 500px;\n  }\n}\n<\/style>\n  <\/div>\n\n\n\t\t<\/div>\n\t\t\t\t\t<\/div>\n\n\t\n\n\t<div id=\"col-1525554795\" class=\"col medium-6 small-12 large-6\"  >\n\t\t\t\t<div class=\"col-inner\"  >\n\t\t\t\n\t\t\t\n\n  <div class=\"banner has-hover\" id=\"banner-1835795819\">\n          <div class=\"banner-inner fill\">\n        <div class=\"banner-bg fill\" >\n                                                \n                    <\/div>\n\t\t\n        <div class=\"banner-layers container\">\n            <div class=\"fill banner-link\"><\/div>            \n   <div id=\"text-box-2002501403\" class=\"text-box banner-layer x5 md-x5 lg-x5 y50 md-y50 lg-y50 res-text\">\n                                <div class=\"text-box-content text \">\n              \n              <div class=\"text-inner text-left\">\n                  \n<p style=\"text-align: justify;\"><span style=\"font-size: 180%;\">A lo largo de todo este tiempo nos hemos posicionado en Espa\u00f1a como la oferta m\u00e1s exclusiva \u2013y no por ello la m\u00e1s cara- en decoraci\u00f3n integral de habitaciones infantiles y juveniles, proporcionando a nuestros clientes asesoramiento profesional y personalizado en cada proyecto.<\/span><\/p>\n              <\/div>\n           <\/div>\n                            \n<style>\n#text-box-2002501403 {\n  width: 95%;\n}\n#text-box-2002501403 .text-box-content {\n  font-size: 100%;\n}\n@media (min-width:550px) {\n  #text-box-2002501403 {\n    width: 90%;\n  }\n}\n<\/style>\n    <\/div>\n \n        <\/div>\n      <\/div>\n\n            \n<style>\n#banner-1835795819 {\n  padding-top: 342px;\n  background-color: rgb(255, 255, 255);\n}\n@media (min-width:550px) {\n  #banner-1835795819 {\n    padding-top: 500px;\n  }\n}\n<\/style>\n  <\/div>\n\n\n\t\t<\/div>\n\t\t\t\t\t<\/div>\n\n\t\n<\/div>\n<div class=\"row row-collapse row-full-width\"  id=\"row-1673623994\">\n\n\t<div id=\"col-1134077126\" class=\"col medium-6 small-12 large-6\"  >\n\t\t\t\t<div class=\"col-inner\"  >\n\t\t\t\n\t\t\t\n\n  <div class=\"banner has-hover\" id=\"banner-1156382029\">\n          <div class=\"banner-inner fill\">\n        <div class=\"banner-bg fill\" >\n                                                \n                    <\/div>\n\t\t\n        <div class=\"banner-layers container\">\n            <div class=\"fill banner-link\"><\/div>            \n   <div id=\"text-box-871323307\" class=\"text-box banner-layer x5 md-x5 lg-x5 y50 md-y50 lg-y50 res-text\">\n                                <div class=\"text-box-content text \">\n              \n              <div class=\"text-inner text-left\">\n                  \n<p style=\"text-align: justify;\"><span style=\"font-size: 180%;\">En 2011 Susana Gil y Paloma Cuevas inauguraron un nuevo espacio Piccolo Mondo\u00ae en Madrid, en la calle Ayala 43, en pleno barrio de Salamanca, que ha tenido una magn\u00edfica acogida.<\/span><\/p>\n<p style=\"text-align: justify;\"><span style=\"font-size: 180%;\">Nuestra adaptaci\u00f3n a nuevos mercados y necesidades, ha hecho evolucionar nuestra oferta creando un cat\u00e1logo m\u00e1s amplio de productos para cada colecci\u00f3n.<\/span><\/p>\n<p style=\"text-align: justify;\"><span style=\"font-size: 180%;\">Esperamos que sea de vuestro agrado!!<\/span><\/p>\n              <\/div>\n           <\/div>\n                            \n<style>\n#text-box-871323307 {\n  width: 95%;\n}\n#text-box-871323307 .text-box-content {\n  font-size: 100%;\n}\n@media (min-width:550px) {\n  #text-box-871323307 {\n    width: 90%;\n  }\n}\n<\/style>\n    <\/div>\n \n        <\/div>\n      <\/div>\n\n            \n<style>\n#banner-1156382029 {\n  padding-top: 471px;\n  background-color: rgb(255, 255, 255);\n}\n@media (min-width:550px) {\n  #banner-1156382029 {\n    padding-top: 500px;\n  }\n}\n<\/style>\n  <\/div>\n\n\n\t\t<\/div>\n\t\t\t\t\t<\/div>\n\n\t\n\n\t<div id=\"col-1703673642\" class=\"col medium-6 small-12 large-6 small-col-first\"  >\n\t\t\t\t<div class=\"col-inner\"  >\n\t\t\t\n\t\t\t\n\n  <div class=\"banner has-hover\" id=\"banner-343700397\">\n          <div class=\"banner-inner fill\">\n        <div class=\"banner-bg fill\" >\n            <img loading=\"lazy\" decoding=\"async\" width=\"873\" height=\"873\" src=\"https:\/\/www.piccolomondo.es\/wp-content\/uploads\/2018\/05\/22851954_1738623309489293_1231389870449400105_n.jpg\" class=\"bg attachment-original size-original\" alt=\"\" \/>                                    \n                    <\/div>\n\t\t\n        <div class=\"banner-layers container\">\n            <div class=\"fill banner-link\"><\/div>               <div id=\"text-box-2147074764\" class=\"text-box banner-layer x50 md-x50 lg-x50 y50 md-y50 lg-y50 res-text\">\n                     <div data-animate=\"fadeIn\">           <div class=\"text-box-content text dark\">\n              \n              <div class=\"text-inner text-center\">\n                  \n              <\/div>\n           <\/div>\n       <\/div>                     \n<style>\n#text-box-2147074764 {\n  width: 60%;\n}\n#text-box-2147074764 .text-box-content {\n  font-size: 100%;\n}\n@media (min-width:550px) {\n  #text-box-2147074764 {\n    width: 60%;\n  }\n}\n<\/style>\n    <\/div>\n         <\/div>\n      <\/div>\n\n            \n<style>\n#banner-343700397 {\n  padding-top: 233px;\n}\n#banner-343700397 .banner-bg img {\n  object-position: 48% 0%;\n}\n@media (min-width:550px) {\n  #banner-343700397 {\n    padding-top: 500px;\n  }\n}\n<\/style>\n  <\/div>\n\n\n\t\t<\/div>\n\t\t\t\t\t<\/div>\n\n\t\n<\/div>\n\t\t<\/div>\n\n\t\t\n<style>\n#section_105535448 {\n  padding-top: 0px;\n  padding-bottom: 0px;\n}\n<\/style>\n\t<\/section>\n\t\n","protected":false},"excerpt":{"rendered":"","protected":false},"author":1,"featured_media":11868,"parent":0,"menu_order":0,"comment_status":"closed","ping_status":"closed","template":"quienes-somos-template.php","meta":{"footnotes":""},"acf":[],"_links":{"self":[{"href":"https:\/\/www.piccolomondo.es\/en\/wp-json\/wp\/v2\/pages\/6735"}],"collection":[{"href":"https:\/\/www.piccolomondo.es\/en\/wp-json\/wp\/v2\/pages"}],"about":[{"href":"https:\/\/www.piccolomondo.es\/en\/wp-json\/wp\/v2\/types\/page"}],"author":[{"embeddable":true,"href":"https:\/\/www.piccolomondo.es\/en\/wp-json\/wp\/v2\/users\/1"}],"replies":[{"embeddable":true,"href":"https:\/\/www.piccolomondo.es\/en\/wp-json\/wp\/v2\/comments?post=6735"}],"version-history":[{"count":1,"href":"https:\/\/www.piccolomondo.es\/en\/wp-json\/wp\/v2\/pages\/6735\/revisions"}],"predecessor-version":[{"id":6738,"href":"https:\/\/www.piccolomondo.es\/en\/wp-json\/wp\/v2\/pages\/6735\/revisions\/6738"}],"wp:featuredmedia":[{"embeddable":true,"href":"https:\/\/www.piccolomondo.es\/en\/wp-json\/wp\/v2\/media\/11868"}],"wp:attachment":[{"href":"https:\/\/www.piccolomondo.es\/en\/wp-json\/wp\/v2\/media?parent=6735"}],"curies":[{"name":"wp","href":"https:\/\/api.w.org\/{rel}","templated":true}]}}